{"id":719,"date":"2013-08-09T07:42:26","date_gmt":"2013-08-09T05:42:26","guid":{"rendered":"http:\/\/test.s-kreuzer.de\/?page_id=2"},"modified":"2020-05-24T15:39:44","modified_gmt":"2020-05-24T13:39:44","slug":"beispiel-seite-2","status":"publish","type":"page","link":"https:\/\/s-kreuzer.de\/?page_id=719","title":{"rendered":"G\u00e4stebuch"},"content":{"rendered":"<p>Wir freuen uns \u00fcber nette Kommentare, flotte Anmerkungen, lebhafte Diskussionen und viele gute Informationen.<\/p>\n<div class=\"gwolle-gb\"><div class=\"gwolle-gb-messages-top-container\"><\/div>\n\t\t\t<div class=\"gwolle-gb-write-button\">\n\t\t\t\t<input type=\"button\" name=\"gwolle-gb-write-button\" class=\"button btn btn-default \" value=\"Neuen Eintrag schreiben\" aria-expanded=\"false\" \/>\n\t\t\t<\/div>\n\t\t\t<form action=\"#\" method=\"POST\" class=\"gwolle-gb-write gwolle-gb-hide gwolle-gb-float gwolle-gb-form-ajax gwolle-gb-ajax gwolle-gb-not-logged-in\">\n\t\t\t\t<h3>Einen neuen Eintrag f\u00fcr das G\u00e4stebuch schreiben<\/h3>\n\t\t\t\t<button type=\"button\" class=\"gb-notice-dismiss\">x<span class=\"screen-reader-text\">Dieses Formular ausblenden<\/span><\/button>\n\t\t\t\n\t\t\t\t<input type=\"hidden\" name=\"gwolle_gb_function\" class=\"gwolle_gb_function\" value=\"add_entry\" \/><input type=\"hidden\" name=\"gwolle_gb_book_id\" class=\"gwolle_gb_book_id\" value=\"1\" \/><div class=\"gwolle_gb_5f4eab9c6b48c482b7395b155c5ab48d\">\n\t\t\t\t<div class=\"label\"><label for=\"gwolle_gb_5f4eab9c6b48c482b7395b155c5ab48d-1\" class=\"text-info\">Name <span class=\"required\">*<\/span><\/label><\/div>\n\t\t\t\t<div class=\"input\"><input class=\"wp-exclude-emoji gwolle_gb_5f4eab9c6b48c482b7395b155c5ab48d\" value=\"\" type=\"text\" id=\"gwolle_gb_5f4eab9c6b48c482b7395b155c5ab48d-1\" name=\"gwolle_gb_5f4eab9c6b48c482b7395b155c5ab48d\" required \/><\/div>\n\t\t\t\t<div class=\"clearBoth\">&nbsp;<\/div>\n\t\t\t<\/div><div class=\"gwolle_gb_b2bb20a989e6f0f9fc55b72931192d51\">\n\t\t\t\t\t<div class=\"label\"><label for=\"gwolle_gb_b2bb20a989e6f0f9fc55b72931192d51-1\" class=\"text-info\">Stadt<\/label><\/div>\n\t\t\t\t\t<div class=\"input\"><input class=\"wp-exclude-emoji gwolle_gb_b2bb20a989e6f0f9fc55b72931192d51\" value=\"\" type=\"text\" id=\"gwolle_gb_b2bb20a989e6f0f9fc55b72931192d51-1\" name=\"gwolle_gb_b2bb20a989e6f0f9fc55b72931192d51\" \/><\/div>\n\t\t\t\t\t<div class=\"clearBoth\">&nbsp;<\/div>\n\t\t\t\t<\/div><div class=\"gwolle_gb_fb87f23e8af58b350cd8f3d58e16ae14\">\n\t\t\t\t<div class=\"label\"><label for=\"gwolle_gb_fb87f23e8af58b350cd8f3d58e16ae14-1\" class=\"text-info\">E-Mail <span class=\"required\">*<\/span><\/label><\/div>\n\t\t\t\t<div class=\"input\"><input class=\"gwolle_gb_fb87f23e8af58b350cd8f3d58e16ae14\" value=\"\" type=\"email\" id=\"gwolle_gb_fb87f23e8af58b350cd8f3d58e16ae14-1\" name=\"gwolle_gb_fb87f23e8af58b350cd8f3d58e16ae14\" required \/><\/div>\n\t\t\t\t<div class=\"clearBoth\">&nbsp;<\/div>\n\t\t\t<\/div><div class=\"gwolle_gb_aa2c8429d89eae789b02c39be407906e\">\n\t\t\t\t<div class=\"label\"><label for=\"gwolle_gb_aa2c8429d89eae789b02c39be407906e-1\" class=\"text-info\">Website<\/label><\/div>\n\t\t\t\t<div class=\"input\"><input class=\"gwolle_gb_aa2c8429d89eae789b02c39be407906e\" value=\"\" type=\"url\" id=\"gwolle_gb_aa2c8429d89eae789b02c39be407906e-1\" name=\"gwolle_gb_aa2c8429d89eae789b02c39be407906e\" \/><\/div>\n\t\t\t\t<div class=\"clearBoth\">&nbsp;<\/div>\n\t\t\t<\/div>\n\t\t\t<div class=\"gwolle_gb_65c606647e135f093007d210d6f6ad96\" style=\"display:none;overflow:hidden;\" hidden=\"true\" aria-hidden=\"true\">\n\t\t\t\t<div class=\"label\">\n\t\t\t\t\t<label for=\"gwolle_gb_65c606647e135f093007d210d6f6ad96-1\" class=\"text-primary\">Hier nichts eingeben<\/label>\n\t\t\t\t\t<label for=\"gwolle_gb_36b756228e91a1706e4ff31cbde9308c-1\" class=\"text-primary\">Hier nichts eingeben<\/label>\n\t\t\t\t<\/div>\n\t\t\t\t<div class=\"input\">\n\t\t\t\t\t<input value=\"71\" type=\"text\" id=\"gwolle_gb_65c606647e135f093007d210d6f6ad96-1\" name=\"gwolle_gb_65c606647e135f093007d210d6f6ad96\" class=\"gwolle_gb_65c606647e135f093007d210d6f6ad96\" style=\"transform: translateY(10000px);\" \/>\n\t\t\t\t\t<input value=\"\" type=\"text\" name=\"gwolle_gb_36b756228e91a1706e4ff31cbde9308c\" id=\"gwolle_gb_36b756228e91a1706e4ff31cbde9308c-1\" class=\"gwolle_gb_36b756228e91a1706e4ff31cbde9308c\" style=\"transform: translateY(10000px);\" \/>\n\t\t\t\t<\/div>\n\t\t\t\t<div class=\"clearBoth\"><\/div>\n\t\t\t<\/div>\n\t\t\t<div class=\"gwolle_gb_1d57591afc93f7c9df946356b10cdcb6\" style=\"display:none;overflow:hidden;\" hidden=\"true\" aria-hidden=\"true\">\n\t\t\t\t<div class=\"label\">\n\t\t\t\t\t<label for=\"gwolle_gb_1d57591afc93f7c9df946356b10cdcb6-1\" class=\"text-primary\">Hier nichts eingeben<\/label>\n\t\t\t\t\t<label for=\"gwolle_gb_700f8fa204e8ce64895c7d8b26317e6e-1\" class=\"text-primary\">Hier nichts eingeben<\/label>\n\t\t\t\t<\/div>\n\t\t\t\t<div class=\"input\">\n\t\t\t\t\t<input value=\"23856\" type=\"text\" id=\"gwolle_gb_1d57591afc93f7c9df946356b10cdcb6-1\" name=\"gwolle_gb_1d57591afc93f7c9df946356b10cdcb6\" class=\"gwolle_gb_1d57591afc93f7c9df946356b10cdcb6\" style=\"transform: translateY(10000px);\" \/>\n\t\t\t\t\t<input value=\"23856\" type=\"text\"id=\"gwolle_gb_700f8fa204e8ce64895c7d8b26317e6e-1\" name=\"gwolle_gb_700f8fa204e8ce64895c7d8b26317e6e\" class=\"gwolle_gb_700f8fa204e8ce64895c7d8b26317e6e\" style=\"transform: translateY(10000px);\" \/>\n\t\t\t\t<\/div>\n\t\t\t\t<div class=\"clearBoth\"><\/div>\n\t\t\t<\/div><div class=\"gwolle_gb_content\">\n\t\t\t\t<div class=\"label\"><label for=\"gwolle_gb_content-1\" class=\"text-info\">G\u00e4stebucheintrag <span class=\"required\">*<\/span><\/label><\/div>\n\t\t\t\t<div class=\"input\"><textarea id=\"gwolle_gb_content-1\" name=\"gwolle_gb_content\" class=\"gwolle_gb_content wp-exclude-emoji\" required ><\/textarea><\/div>\n\t\t\t\t\t<div class=\"clearBoth\">&nbsp;<\/div>\n\t\t\t\t<\/div><input type=\"hidden\" class=\"gwolle_gb_047da98fcc543aef52ac96f3666ecf3a\" id=\"gwolle_gb_047da98fcc543aef52ac96f3666ecf3a-1\" name=\"gwolle_gb_047da98fcc543aef52ac96f3666ecf3a\" value=\"61a27e5cf7\" \/>\n\t\t\t<div class=\"gwolle-gb-messages-bottom-container\"><\/div>\n\n\t\t\t<noscript><div class=\"no-js\">Warnung: Dieses Formular kann nur verwendet werden, wenn in deinem Browser JavaScript aktiviert ist.<\/div><\/noscript>\n\n\t\t\t<div class=\"gwolle_gb_submit gwolle-gb-submit\">\n\t\t\t\t<div class=\"label gwolle-gb-invisible text-muted\">&nbsp;<\/div>\n\t\t\t\t<div class=\"input\">\n\t\t\t\t\t<input type=\"submit\" name=\"gwolle_gb_submit\" class=\"gwolle_gb_submit button btn btn-primary \" value=\"Absenden\" \/>\n\t\t\t\t\t<span class=\"gwolle_gb_submit_ajax_icon gwolle-gb-submit-ajax-icon\"><\/span>\n\t\t\t\n\t\t\t\t<\/div>\n\t\t\t\t<div class=\"clearBoth\">&nbsp;<\/div>\n\t\t\t<\/div>\n\n\t\t\t<div class=\"gwolle_gb_notice gwolle-gb-notice\">\n\t\t\t\tMit * gekennzeichnete Felder sind Pflichtfelder.<br \/>\r\nDie E-Mail-Adresse wird nicht ver\u00f6ffentlicht.<br \/>\r\nAus Sicherheitsgr\u00fcnden speichern wir die IP-Adresse 216.73.216.234.<br \/>\r\nEs k\u00f6nnte sein, dass der Eintrag im G\u00e4stebuch erst sichtbar ist, nachdem wir ihn gepr\u00fcft haben.<br \/>\r\nWir behalten uns das Recht vor, Eintr\u00e4ge zu bearbeiten, zu l\u00f6schen oder Eintr\u00e4ge nicht zu ver\u00f6ffentlichen.\n\t\t\t<\/div><\/form>\n\t\t\t\t<div class=\"page-navigation\">\n\t\t\t\t\t<span class=\"screen-reader-text\">Navigation der G\u00e4stebuchliste<\/span><span class=\"page-numbers current\">1<\/span><a href=\"https:\/\/s-kreuzer.de\/?page_id=719&pageNum=2\" title=\"Seite 2\">2<\/a><a href=\"https:\/\/s-kreuzer.de\/?page_id=719&pageNum=3\" title=\"Seite 3\">3<\/a><a href=\"https:\/\/s-kreuzer.de\/?page_id=719&pageNum=4\" title=\"Seite 4\">4<\/a><a href=\"https:\/\/s-kreuzer.de\/?page_id=719&pageNum=5\" title=\"Seite 5\">5<\/a><span class=\"page-numbers dots\">...<\/span><a href=\"https:\/\/s-kreuzer.de\/?page_id=719&pageNum=25\" title=\"Seite 25\">25<\/a><a href=\"https:\/\/s-kreuzer.de\/?page_id=719&pageNum=2\" title=\"N\u00e4chste Seite\" rel=\"next\">&rarr;<\/a><\/div>\n\t\t<div class=\"gwolle-gb-read gwolle-gb-ajax gwolle-gb-entries-list\" data-book_id=\"1\" data-page_id=\"1\">\n\t\t<div id=\"gwolle-gb-total\" class=\"gwolle-gb-total\">123 Eintr\u00e4ge<\/div><!-- Gwolle-GB Entry: Default Template Loaded -->\n\t\t\t\t<div class=\"gb-entry gb-entry_1179 gb-entry-count_1 gwolle-gb-uneven gwolle-gb-first\" id=\"gb-entry_1179\" data-entry_id=\"1179\">\n\t\t\t\t<article>\n\t\t\t\t\t<div class=\"gb-author-info\">\n\t\t\t\t\t\t<span class=\"gb-author-avatar\"><img referrerpolicy=\"no-referrer\" alt='Martin Offergeld' src='https:\/\/secure.gravatar.com\/avatar\/1060cc1fa5073d0a3f9df5c374fa1a417bee50bb7e39d2eb6b335702a6909565?s=32&#038;d=mm&#038;r=g' srcset='https:\/\/secure.gravatar.com\/avatar\/1060cc1fa5073d0a3f9df5c374fa1a417bee50bb7e39d2eb6b335702a6909565?s=64&#038;d=mm&#038;r=g 2x' class='avatar avatar-32 photo' height='32' width='32' \/><\/span>\n\t\t\t\t\t\t<span class=\"gb-author-name\">Martin Offergeld\n\t\t\t\t\t\t<\/span>\n\t\t\t\t\t\t<span class=\"gb-author-origin\">\n\t\t\t\t\t\t\t<span class=\"gb-author-origin-from-text\"> aus<\/span>\n\t\t\t\t\t\t\t<span class=\"gb-author-origin-text\"> Duisburg<\/span>\n\t\t\t\t\t\t<\/span>\n\t\t\t\t\t\t<span class=\"gb-datetime\">\n\t\t\t\t\t\t\t<span class=\"gb-date\"><span class=\"gb-date-wrote-text\"> schrieb am<\/span><span class=\"gb-date-text\"> 29. Januar 2026<\/span>\n\t\t\t\t\t\t\t<\/span><span class=\"gb-time\">\n\t\t\t\t\t\t\t\t\t<span class=\"gb-time-at-text\"> um<\/span>\n\t\t\t\t\t\t\t\t\t<span class=\"gb-time-text\"> 09:24<\/span>\n\t\t\t\t\t\t\t\t<\/span>\n\t\t\t\t\t\t<\/span> \n\t\t\t\t\t<\/div>\n\t\t\t\t\t<div class=\"gb-entry-content\">Save the Date!<br \/>\r\nAm 2.\/3,Mai findet bei uns auf der 6-Seen Platte der 2026er Jollenkreuzer-Classic-Cup statt.<br \/>\r\nDie  S163 und die S 393 werden am 1.Mai getauft.<br \/>\r\nMit den zwei Neuzug\u00e4ngen sind wir sehr optimistisch, diesmal mehr  als alte  10 Boote auf die Bahn zu bringen.<br \/>\r\nAlso: eine Pflichtveranstaltung f\u00fcr die Liebhaber alter 16er !<br \/>\r\nAmmeldungen bei manage2sail oder sechszehner@web.de\n\t\t\t\t\t<\/div>\n\t\t\t\t<\/article>\n\t\t\t<\/div>\n\t\t\t<div class=\"gb-entry gb-entry_1112 gb-entry-count_2 gwolle-gb-even\" id=\"gb-entry_1112\" data-entry_id=\"1112\">\n\t\t\t\t<article>\n\t\t\t\t\t<div class=\"gb-author-info\">\n\t\t\t\t\t\t<span class=\"gb-author-avatar\"><img referrerpolicy=\"no-referrer\" alt='Martin Offergeld' src='https:\/\/secure.gravatar.com\/avatar\/1060cc1fa5073d0a3f9df5c374fa1a417bee50bb7e39d2eb6b335702a6909565?s=32&#038;d=mm&#038;r=g' srcset='https:\/\/secure.gravatar.com\/avatar\/1060cc1fa5073d0a3f9df5c374fa1a417bee50bb7e39d2eb6b335702a6909565?s=64&#038;d=mm&#038;r=g 2x' class='avatar avatar-32 photo' height='32' width='32' \/><\/span>\n\t\t\t\t\t\t<span class=\"gb-author-name\">Martin Offergeld\n\t\t\t\t\t\t<\/span>\n\t\t\t\t\t\t<span class=\"gb-author-origin\">\n\t\t\t\t\t\t\t<span class=\"gb-author-origin-from-text\"> aus<\/span>\n\t\t\t\t\t\t\t<span class=\"gb-author-origin-text\"> Duisburg<\/span>\n\t\t\t\t\t\t<\/span>\n\t\t\t\t\t\t<span class=\"gb-datetime\">\n\t\t\t\t\t\t\t<span class=\"gb-date\"><span class=\"gb-date-wrote-text\"> schrieb am<\/span><span class=\"gb-date-text\"> 7. Mai 2025<\/span>\n\t\t\t\t\t\t\t<\/span><span class=\"gb-time\">\n\t\t\t\t\t\t\t\t\t<span class=\"gb-time-at-text\"> um<\/span>\n\t\t\t\t\t\t\t\t\t<span class=\"gb-time-text\"> 11:25<\/span>\n\t\t\t\t\t\t\t\t<\/span>\n\t\t\t\t\t\t<\/span> \n\t\t\t\t\t<\/div>\n\t\t\t\t\t<div class=\"gb-entry-content\">16er Jollenkreuzer Cup Classic 2025 in Duuisburg<br \/>\n<br \/>\nSo viele sch\u00f6ne alte Holz-16er nebeneinander, ein Traum in Klarlack!<br \/>\nUnd dass alle 16er unseres Clubs teilgenommen haben!<br \/>\nUnd dass wir viel mehr Seglerpersonal als Boote zur Verf\u00fcgung haben!<br \/>\nUnd dass ein versprengter alter 15er bei uns Zuflucht sucht !<br \/>\nUnd dass sogar ein 16er aus Krefeld bei uns Anschluss findet!<br \/>\nAll das macht einen Klassenh\u00e4uptling gl\u00fccklich und zeigt wie attraktiv unsere Boote und die dazugeh\u00f6rende Truppe sind. Der Nachfrage nach freien Pl\u00e4tzen auf den Booten k\u00f6nnten wir kaum nachkommen, sodass die H\u00e4lfte der Boote mit zwei oder mehr Steuerberatern unterwegs waren. Bei so viel Euphorie wurden die Regattaergebnisse zu dem was sie sind: zur Nebensache.<br \/>\nDer schwache Wind bzw. die vielen Windl\u00f6cher sind zwar im Prinzip f\u00fcr alle gleich, aber nat\u00fcrlich nicht gleich verteilt geschweige denn berechenbar. Wer einmal stand, der stand erstmal.<br \/>\nSo verlangte es auch viel gutes Zureden, damit unser Wettfahrtleiter Kai F\u00fchrer entgegen besseren Wissens die 4 L\u00e4ufe f\u00fcr uns anschoss. Wir wollten doch uns und unsere sch\u00f6nen Boote pr\u00e4sentieren und feiern!<br \/>\nEin bisschen Gewusel am Start und an der Luvtonne, dann hatte sich das Feld weitgehend sortiert.<br \/>\nEtwas Gew\u00f6hnung verlangte die erste Tonnenpaar in Luv. Ein Tor? Oder doch eine Wendemarke mit Ablauftonne ? Die Frage versaute insbesondere dem bis dahin f\u00fchrenden Kalle eine gute Platzierung. Er hatte den l\u00e4ngsten Weg zur\u00fcck.<br \/>\nZwischendurch war es allerdings wirklich z\u00e4h. Wenn dich eine paddelnde Gans \u00fcberholt, dann bist du definitiv nicht schnell unterwegs. Insbesondere unsere Krefelder G\u00e4ste haderten sehr mit den Duisburger Windverh\u00e4ltnissen. Wir kennen das ja.<br \/>\nAbends am gro\u00dfen Tisch klappte das Catering zur vollen Zufriedenheit.<br \/>\nSonntags hatte sich zwar das Wetter ge\u00e4ndert, der Wind allerdings nicht. Vor jeder dunklen Wolke gabs eine leichte Brise, dann war wieder Stille. Zwei Mal gings es auf den Parcour, dann beendete der Wettfahrtleiter das Rennen. Der erhoffte Wind setzte erst zur Siegerehrung ein - zu sp\u00e4t. N\u00e4chstes Jahr wird\u2019s besser ! Versprochen !<br \/>\nSch\u00f6n wars! Und eigentlich sehr schade dass alles schon wieder vorbei ist.<br \/>\n<br \/>\nKauft 16er !<br \/>\n<br \/>\nMartin Offergeld\n\t\t\t\t\t<\/div>\n\t\t\t\t<\/article>\n\t\t\t<\/div>\n\t\t\t<div class=\"gb-entry gb-entry_1103 gb-entry-count_3 gwolle-gb-uneven\" id=\"gb-entry_1103\" data-entry_id=\"1103\">\n\t\t\t\t<article>\n\t\t\t\t\t<div class=\"gb-author-info\">\n\t\t\t\t\t\t<span class=\"gb-author-avatar\"><img referrerpolicy=\"no-referrer\" alt='Martin Offergeld' src='https:\/\/secure.gravatar.com\/avatar\/1060cc1fa5073d0a3f9df5c374fa1a417bee50bb7e39d2eb6b335702a6909565?s=32&#038;d=mm&#038;r=g' srcset='https:\/\/secure.gravatar.com\/avatar\/1060cc1fa5073d0a3f9df5c374fa1a417bee50bb7e39d2eb6b335702a6909565?s=64&#038;d=mm&#038;r=g 2x' class='avatar avatar-32 photo' height='32' width='32' \/><\/span>\n\t\t\t\t\t\t<span class=\"gb-author-name\">Martin Offergeld\n\t\t\t\t\t\t<\/span>\n\t\t\t\t\t\t<span class=\"gb-author-origin\">\n\t\t\t\t\t\t\t<span class=\"gb-author-origin-from-text\"> aus<\/span>\n\t\t\t\t\t\t\t<span class=\"gb-author-origin-text\"> Duisburg<\/span>\n\t\t\t\t\t\t<\/span>\n\t\t\t\t\t\t<span class=\"gb-datetime\">\n\t\t\t\t\t\t\t<span class=\"gb-date\"><span class=\"gb-date-wrote-text\"> schrieb am<\/span><span class=\"gb-date-text\"> 8. April 2025<\/span>\n\t\t\t\t\t\t\t<\/span><span class=\"gb-time\">\n\t\t\t\t\t\t\t\t\t<span class=\"gb-time-at-text\"> um<\/span>\n\t\t\t\t\t\t\t\t\t<span class=\"gb-time-text\"> 09:31<\/span>\n\t\t\t\t\t\t\t\t<\/span>\n\t\t\t\t\t\t<\/span> \n\t\t\t\t\t<\/div>\n\t\t\t\t\t<div class=\"gb-entry-content\">Einladung zur Fahrtenbootregatta in Duisburg am ersten Maiwochenende.<br \/>\n<br \/>\nJollenkreuzercup des DUYC und Stadtmeisterschaft 2025 der<br \/>\n<br \/>\nS-Jollenkreuzer <br \/>\n<br \/>\n\t<br \/>\n<br \/>\nDatum :\t\t\t03. \/ 04.05.2025<br \/>\n<br \/>\nKlasse:\t\t\t\tS-Jollenkreuzer<br \/>\n<br \/>\nDie Regatta wird als \u201eFahrtenboot-Regatta\u201c ausgerichtet. <br \/>\nStartberechtigt sind 16er Jollenkreuzer mit:<br \/>\n-\tBaujahr vor 1980<br \/>\n-\tSegelnummern unter 400 <br \/>\n-\tsowie Eigenbauten aus Holz ohne Beschr\u00e4nkungen\n\t\t\t\t\t<\/div>\n\t\t\t\t<\/article>\n\t\t\t<\/div>\n\t\t\t<div class=\"gb-entry gb-entry_1084 gb-entry-count_4 gwolle-gb-even\" id=\"gb-entry_1084\" data-entry_id=\"1084\">\n\t\t\t\t<article>\n\t\t\t\t\t<div class=\"gb-author-info\">\n\t\t\t\t\t\t<span class=\"gb-author-avatar\"><img referrerpolicy=\"no-referrer\" alt='Martin Offergeld' src='https:\/\/secure.gravatar.com\/avatar\/1060cc1fa5073d0a3f9df5c374fa1a417bee50bb7e39d2eb6b335702a6909565?s=32&#038;d=mm&#038;r=g' srcset='https:\/\/secure.gravatar.com\/avatar\/1060cc1fa5073d0a3f9df5c374fa1a417bee50bb7e39d2eb6b335702a6909565?s=64&#038;d=mm&#038;r=g 2x' class='avatar avatar-32 photo' height='32' width='32' \/><\/span>\n\t\t\t\t\t\t<span class=\"gb-author-name\">Martin Offergeld\n\t\t\t\t\t\t<\/span>\n\t\t\t\t\t\t<span class=\"gb-author-origin\">\n\t\t\t\t\t\t\t<span class=\"gb-author-origin-from-text\"> aus<\/span>\n\t\t\t\t\t\t\t<span class=\"gb-author-origin-text\"> Duisburg<\/span>\n\t\t\t\t\t\t<\/span>\n\t\t\t\t\t\t<span class=\"gb-datetime\">\n\t\t\t\t\t\t\t<span class=\"gb-date\"><span class=\"gb-date-wrote-text\"> schrieb am<\/span><span class=\"gb-date-text\"> 6. Januar 2025<\/span>\n\t\t\t\t\t\t\t<\/span><span class=\"gb-time\">\n\t\t\t\t\t\t\t\t\t<span class=\"gb-time-at-text\"> um<\/span>\n\t\t\t\t\t\t\t\t\t<span class=\"gb-time-text\"> 15:23<\/span>\n\t\t\t\t\t\t\t\t<\/span>\n\t\t\t\t\t\t<\/span> \n\t\t\t\t\t<\/div>\n\t\t\t\t\t<div class=\"gb-entry-content\">Moin zusammen,<br \/>\nauch wenn wir unsere S 440 an eine junge,segelbegeisterte Familie vom D\u00fcmmer weitergegeben haben, bleiben wir bei den 16ern in Duisburg aktiv und k\u00fcmmern uns insbesondere um den Erhalt und artgerechte Bewegung der alten Holz-16er. <br \/>\nin diesem Sinne haben wir die Ausschreibung f\u00fcr den Jollenkreuzer-Cup am 3.\/4.Mai angepasst und laden die Fahrtenboote zu einer &#034;Wohlf\u00fchlregatta&#034; ein. Also Fahrtensegler aller Seen vereinigt euch und kommt nach Duisburg, hier findet ihr Gleichgesinnte !\n\t\t\t\t\t<\/div>\n\t\t\t\t<\/article>\n\t\t\t<\/div>\n\t\t\t<div class=\"gb-entry gb-entry_1055 gb-entry-count_5 gwolle-gb-uneven\" id=\"gb-entry_1055\" data-entry_id=\"1055\">\n\t\t\t\t<article>\n\t\t\t\t\t<div class=\"gb-author-info\">\n\t\t\t\t\t\t<span class=\"gb-author-avatar\"><img referrerpolicy=\"no-referrer\" alt='Martin Offergeld' src='https:\/\/secure.gravatar.com\/avatar\/1060cc1fa5073d0a3f9df5c374fa1a417bee50bb7e39d2eb6b335702a6909565?s=32&#038;d=mm&#038;r=g' srcset='https:\/\/secure.gravatar.com\/avatar\/1060cc1fa5073d0a3f9df5c374fa1a417bee50bb7e39d2eb6b335702a6909565?s=64&#038;d=mm&#038;r=g 2x' class='avatar avatar-32 photo' height='32' width='32' \/><\/span>\n\t\t\t\t\t\t<span class=\"gb-author-name\">Martin Offergeld\n\t\t\t\t\t\t<\/span>\n\t\t\t\t\t\t<span class=\"gb-author-origin\">\n\t\t\t\t\t\t\t<span class=\"gb-author-origin-from-text\"> aus<\/span>\n\t\t\t\t\t\t\t<span class=\"gb-author-origin-text\"> Duisburg<\/span>\n\t\t\t\t\t\t<\/span>\n\t\t\t\t\t\t<span class=\"gb-datetime\">\n\t\t\t\t\t\t\t<span class=\"gb-date\"><span class=\"gb-date-wrote-text\"> schrieb am<\/span><span class=\"gb-date-text\"> 7. Mai 2024<\/span>\n\t\t\t\t\t\t\t<\/span><span class=\"gb-time\">\n\t\t\t\t\t\t\t\t\t<span class=\"gb-time-at-text\"> um<\/span>\n\t\t\t\t\t\t\t\t\t<span class=\"gb-time-text\"> 17:03<\/span>\n\t\t\t\t\t\t\t\t<\/span>\n\t\t\t\t\t\t<\/span> \n\t\t\t\t\t<\/div>\n\t\t\t\t\t<div class=\"gb-entry-content\">Jollenkreuzer Cup 2024 in Duisburg<br \/>\n<br \/>\nMann, waren das drehende Winde!<br \/>\n<br \/>\nAber das kennen wir ja alle von unserem Duisburger See und wir waren ja unter uns. Die sieben alten Holz-16er des DUYC mit insgesamt 17 Seglern sind am Samstag den 4.5.2024 zu einer \u201eWohlf\u00fchlregatta\u201c gestartet.<br \/>\n<br \/>\nPia Wedemeyer, Anne Schenkel und Paul Kessler legten bei leichtem Wind um S\u00fcd  f\u00fcr uns die Tonnen  f\u00fcr 3 extrem kurzweilige L\u00e4ufe aus. Dreher und B\u00f6en von variabler Richtung und St\u00e4rke sorgten f\u00fcr unterhaltsame Verschiebungen in der Reihenfolge der Boote.<br \/>\n<br \/>\nAbends bei Bier und Currywurst hatte jeder viel zu erz\u00e4hlen und es gab nur zufriedene Gesichter.<br \/>\n<br \/>\nAls Klassenh\u00e4uptling freut mich besonders, dass sich unsere 16er Flotte stabilisiert hat und wir mit der \u201eSanssouci\u201c und dem \u201eCarlo\u201c zwei Wiederg\u00e4nger auf unserem See haben.<br \/>\n<br \/>\nZum guten Schlu\u00df noch prima Musik von Jupp G\u00f6tz \u2026 wenn das nicht ein gelungener Samstag war !<br \/>\nFotos unter www.duyc.de<br \/>\n<br \/>\nS 413\tMartin Offergeld \/ Frank Schenkel\t1\/3\/1\t5 Punkte<br \/>\nS 331\tKalle Danielzik \/ Christian Schmidt\t2\/1\/3\t6 Punkte<br \/>\nS 150\tMy Hoa Offergeld \/ Malte H\u00fctter\t6\/2\/2\t10 Punkte<br \/>\nS 133\tJochen Sch\u00e4fer \/ Ingo Lehmann\t3\/6\/5\t14 Punkte<br \/>\nS 163\tSteffi Offergeld \/ Hendrik Welzel \/ Andrea Wiesner\t4\/5\/6\t15 Punkte<br \/>\nS 81\tStefan Mauer \/ Kai Cording\t5\/4\/DNS\t17 Punkte<br \/>\nS 390\tWolfgang &amp; Sabine Krallmann \/ Kerstin &amp; Ralf Waskowski\t7\/7\/5\t19 Punkte\n\t\t\t\t\t<\/div>\n\t\t\t\t<\/article>\n\t\t\t<\/div>\n\t\t\t<\/div>\n\t\t\t\t<div class=\"page-navigation\">\n\t\t\t\t\t<span class=\"screen-reader-text\">Navigation der G\u00e4stebuchliste<\/span><span class=\"page-numbers current\">1<\/span><a href=\"https:\/\/s-kreuzer.de\/?page_id=719&pageNum=2\" title=\"Seite 2\">2<\/a><a href=\"https:\/\/s-kreuzer.de\/?page_id=719&pageNum=3\" title=\"Seite 3\">3<\/a><a href=\"https:\/\/s-kreuzer.de\/?page_id=719&pageNum=4\" title=\"Seite 4\">4<\/a><a href=\"https:\/\/s-kreuzer.de\/?page_id=719&pageNum=5\" title=\"Seite 5\">5<\/a><span class=\"page-numbers dots\">...<\/span><a href=\"https:\/\/s-kreuzer.de\/?page_id=719&pageNum=25\" title=\"Seite 25\">25<\/a><a href=\"https:\/\/s-kreuzer.de\/?page_id=719&pageNum=2\" title=\"N\u00e4chste Seite\" rel=\"next\">&rarr;<\/a><\/div>\n\t\t<\/div>\n","protected":false},"excerpt":{"rendered":"<p>Wir freuen uns \u00fcber nette Kommentare, flotte Anmerkungen, lebhafte Diskussionen und viele gute Informationen.<\/p>\n","protected":false},"author":1,"featured_media":0,"parent":0,"menu_order":5,"comment_status":"open","ping_status":"closed","template":"","meta":{"_coblocks_attr":"","_coblocks_dimensions":"","_coblocks_responsive_height":"","_coblocks_accordion_ie_support":"","footnotes":""},"class_list":["post-719","page","type-page","status-publish","hentry"],"jetpack_sharing_enabled":true,"jetpack_shortlink":"https:\/\/wp.me\/P87SZm-bB","_links":{"self":[{"href":"https:\/\/s-kreuzer.de\/index.php?rest_route=\/wp\/v2\/pages\/719","targetHints":{"allow":["GET"]}}],"collection":[{"href":"https:\/\/s-kreuzer.de\/index.php?rest_route=\/wp\/v2\/pages"}],"about":[{"href":"https:\/\/s-kreuzer.de\/index.php?rest_route=\/wp\/v2\/types\/page"}],"author":[{"embeddable":true,"href":"https:\/\/s-kreuzer.de\/index.php?rest_route=\/wp\/v2\/users\/1"}],"replies":[{"embeddable":true,"href":"https:\/\/s-kreuzer.de\/index.php?rest_route=%2Fwp%2Fv2%2Fcomments&post=719"}],"version-history":[{"count":0,"href":"https:\/\/s-kreuzer.de\/index.php?rest_route=\/wp\/v2\/pages\/719\/revisions"}],"wp:attachment":[{"href":"https:\/\/s-kreuzer.de\/index.php?rest_route=%2Fwp%2Fv2%2Fmedia&parent=719"}],"curies":[{"name":"wp","href":"https:\/\/api.w.org\/{rel}","templated":true}]}}