{"id":19,"date":"2013-08-10T16:06:29","date_gmt":"2013-08-10T14:06:29","guid":{"rendered":"http:\/\/test.s-kreuzer.de\/?page_id=19"},"modified":"2020-12-12T18:06:31","modified_gmt":"2020-12-12T17:06:31","slug":"impressum","status":"publish","type":"page","link":"https:\/\/s-kreuzer.de\/?page_id=19","title":{"rendered":"Impressum"},"content":{"rendered":"<p>Klassenvereinigung der 16m\u00b2 Jollenkreuzer e.V.\u00a0 \u00a0&#8211;\u00a0 16-er JK-KV \u00a0&#8211;\u00a0\u00a0 \u00a0Sitz des Vereins ist D\u00fcsseldorf<\/p>\n<p>Sven D\u00fcsener<br \/>Vorsitzender<\/p>\n<p>eMail: svenduesener(at)web.de<\/p>\n<p>Vereinsregisternummer:\u00a0 VR 5804 beim Amtsgericht D\u00fcsseldorf<\/p>\n<p>Copyright &amp; Haftungsausschlu\u00df<br \/>Auf alle auf diesem Server verf\u00fcgbaren Dokumente, Grafiken und Softwarearchive besitzt, soweit nicht anders angegeben, hat die Klassenvereinigung -KV- ein Copyright. Sie d\u00fcrfen den Inhalt dieser Website nur f\u00fcr informative und nichtkommerzielle Zwecke verwenden. Eine Modifizierung und\/oder Verwendung ohne den Copyrighthinweis auf die KV ist nicht zul\u00e4\u00dfig.<br \/>Die KV und\/oder Ihre Partner \u00fcbernehmen keine Haftung f\u00fcr die auf diesen Seiten gemachten Angaben und Informationen. Die KV und\/oder einer Ihrer Partner kann nicht haftbar gemacht werden, f\u00fcr Sch\u00e4den, Folgesch\u00e4den oder sonstige Sch\u00e4den die aus Nutzungsausfall, Verlust von Daten oder entgangenem Gewinn resultieren.<br \/>Wir \u00fcbernehmen keinerlei Haftung f\u00fcr Seiten, die durch einen Link auf unseren Seiten erreichbar sind. Nat\u00fcrlich haben wir uns beim Einbau der Links davon \u00fcberzeugt, da\u00df diese Seiten einen gesetzm\u00e4\u00dfigen Inhalt haben, und zu unseren Produkten passen. Da sich dies jedoch \u00e4ndern k\u00f6nnte, lehnen wir jegliche Haftung ab. Wir bitten jedoch um Information, falls Sie durch einen solchen Link ungesetzliche, gegen die W\u00fcrde des Menschen versto\u00dfende, gewaltverherrlichende oder volksverhetzende Inhalte finden sollten.<br \/>Die auf diesem Server ver\u00f6ffentlichten Dokumente, Bilder und Softwarearchive k\u00f6nnen technische Ungenauigkeiten und typografische Fehler enthalten. Die KV beh\u00e4lt sich vor, jederzeit \u00c4nderungen und\/oder Verbesserungen an den hier beschriebenen Dingen und\/oder Programmen vorzunehmen.<br \/>Wir sind festen Glaubens, dass wir korrekt die juristischen Details wiedergegeben haben; aber wie immer , der Teufel ist ein Eichh\u00f6rnchen.<\/p>\n<p>(C) 2010 Copyright: Webmaster, Rainer Altvater r.altvater@live.de<\/p>\n\n","protected":false},"excerpt":{"rendered":"<p>Klassenvereinigung der 16m\u00b2 Jollenkreuzer e.V.\u00a0 \u00a0&#8211;\u00a0 16-er JK-KV \u00a0&#8211;\u00a0\u00a0 \u00a0Sitz des Vereins ist D\u00fcsseldorf Sven D\u00fcsenerVorsitzender eMail: svenduesener(at)web.de Vereinsregisternummer:\u00a0 VR 5804 beim Amtsgericht D\u00fcsseldorf Copyright &amp; Haftungsausschlu\u00dfAuf alle auf diesem Server verf\u00fcgbaren Dokumente, Grafiken und Softwarearchive besitzt, soweit nicht anders<\/p>\n","protected":false},"author":1,"featured_media":0,"parent":0,"menu_order":100,"comment_status":"closed","ping_status":"closed","template":"","meta":{"_coblocks_attr":"","_coblocks_dimensions":"","_coblocks_responsive_height":"","_coblocks_accordion_ie_support":"","footnotes":""},"class_list":["post-19","page","type-page","status-publish","hentry"],"jetpack_sharing_enabled":false,"jetpack_shortlink":"https:\/\/wp.me\/P87SZm-j","_links":{"self":[{"href":"https:\/\/s-kreuzer.de\/index.php?rest_route=\/wp\/v2\/pages\/19","targetHints":{"allow":["GET"]}}],"collection":[{"href":"https:\/\/s-kreuzer.de\/index.php?rest_route=\/wp\/v2\/pages"}],"about":[{"href":"https:\/\/s-kreuzer.de\/index.php?rest_route=\/wp\/v2\/types\/page"}],"author":[{"embeddable":true,"href":"https:\/\/s-kreuzer.de\/index.php?rest_route=\/wp\/v2\/users\/1"}],"replies":[{"embeddable":true,"href":"https:\/\/s-kreuzer.de\/index.php?rest_route=%2Fwp%2Fv2%2Fcomments&post=19"}],"version-history":[{"count":3,"href":"https:\/\/s-kreuzer.de\/index.php?rest_route=\/wp\/v2\/pages\/19\/revisions"}],"predecessor-version":[{"id":15673,"href":"https:\/\/s-kreuzer.de\/index.php?rest_route=\/wp\/v2\/pages\/19\/revisions\/15673"}],"wp:attachment":[{"href":"https:\/\/s-kreuzer.de\/index.php?rest_route=%2Fwp%2Fv2%2Fmedia&parent=19"}],"curies":[{"name":"wp","href":"https:\/\/api.w.org\/{rel}","templated":true}]}}