{"id":1005,"date":"2017-04-20T09:24:43","date_gmt":"2017-04-20T07:24:43","guid":{"rendered":"https:\/\/s-kreuzer.de\/?page_id=1005"},"modified":"2020-05-24T15:43:14","modified_gmt":"2020-05-24T13:43:14","slug":"blog","status":"publish","type":"page","link":"https:\/\/s-kreuzer.de\/?page_id=1005","title":{"rendered":"Blog"},"content":{"rendered":"\n\t<div id=\"wpbaw-blog-1\" class=\"blogfree-plugin blog-clearfix \">\n\t\n\t\t\t\t<div id=\"post-1282\" class=\"blog type-blog blog-clearfix wpbaw-blog-class blog-col-1 has-date no-thumb\">\n\t\t\t<div class=\"blog-inner-wrap-view blog-clearfix\">\n\t\t\t\t\n\t\t\t\t<div class=\"blog-content\">\n\t\t\t\t\t\t\t\t\t\t\t\t<div class=\"date-post\">\n\t\t\t\t\t\t\t\t<h2><span>3<\/span><\/h2>\n\t\t\t\t\t\t\t\t<p>Jan. 18<\/p>\n\t\t\t\t\t\t\t<\/div>\n\t\t\t\t\t\t \n\t\t\t\t\t<div class=\"post-content-text\">\n\t\t\t\t\t\t\t\t\t\t\t\t<div class=\"grid-1-date\">\n\t\t\t\t\t\t\t3. Januar 2018\t\t\t\t\t\t<\/div>\n\t\t\t\t\t\t\t\t\t\t\t\t<h3 class=\"blog-title\"><a href=\"https:\/\/s-kreuzer.de\/?blog_post=5-teil-zuerst-die-bootstaufe-und-dann-ein-neues-schiff-trimmen-leichter-gesagt-als-getan\" rel=\"bookmark\">5. Teil Zuerst die Bootstaufe und dann: ein neues Schiff trimmen &#8211; leichter gesagt als getan!<\/a><\/h3>\n\t\t\t\t\t\t\t\t\t\t\t\t<div class=\"blog-cat\">\n\t\t\t\t\t\t\t\t\t\t\t\t\t  \t<span class=\"grid-1-author\">von\t\t\t\t\t\t  \t\t<a href=\"https:\/\/s-kreuzer.de\/?author=1\" target=\"_self\">admin<\/a>\n\t\t\t\t\t\t  \t<\/span>\n\t\t\t\t\t\t\t\t\t\t\t\t\t<\/div>\n\t\t\t\t\t\t\t\t\t\t\t\t<div class=\"blog-content-excerpt\">\n\t\t\t\t\t\t\t\t\t\t\t\t\t\t\t<p class=\"blog-short-content\">Das war ein sch\u00f6ner Spa\u00df, die Bootstaufe. F\u00fcr Freitag 11.08.2017 um 18.00 hatte ich eingeladen. Mein Freund aus alten Zeiten...<\/p>\n\t\t\t\t\t\t\t\t<a href=\"https:\/\/s-kreuzer.de\/?blog_post=5-teil-zuerst-die-bootstaufe-und-dann-ein-neues-schiff-trimmen-leichter-gesagt-als-getan\" class=\"blog-more-link\"> Lesen Sie weiter<\/a>\n\t\t\t\t\t\t\t\t\t\t\t\t\t<\/div>\n\t\t\t\t\t\t\t\t\t\t\t<\/div>\n\t\t\t\t<\/div>\n\t\t\t<\/div>\n\t\t<\/div>\n\t\t\t\t<div id=\"post-1179\" class=\"blog type-blog blog-clearfix wpbaw-blog-class blog-col-1 has-date no-thumb\">\n\t\t\t<div class=\"blog-inner-wrap-view blog-clearfix\">\n\t\t\t\t\n\t\t\t\t<div class=\"blog-content\">\n\t\t\t\t\t\t\t\t\t\t\t\t<div class=\"date-post\">\n\t\t\t\t\t\t\t\t<h2><span>30<\/span><\/h2>\n\t\t\t\t\t\t\t\t<p>Juli 17<\/p>\n\t\t\t\t\t\t\t<\/div>\n\t\t\t\t\t\t \n\t\t\t\t\t<div class=\"post-content-text\">\n\t\t\t\t\t\t\t\t\t\t\t\t<div class=\"grid-1-date\">\n\t\t\t\t\t\t\t30. Juli 2017\t\t\t\t\t\t<\/div>\n\t\t\t\t\t\t\t\t\t\t\t\t<h3 class=\"blog-title\"><a href=\"https:\/\/s-kreuzer.de\/?blog_post=4-teil\" rel=\"bookmark\">4. Teil<\/a><\/h3>\n\t\t\t\t\t\t\t\t\t\t\t\t<div class=\"blog-cat\">\n\t\t\t\t\t\t\t\t\t\t\t\t\t  \t<span class=\"grid-1-author\">von\t\t\t\t\t\t  \t\t<a href=\"https:\/\/s-kreuzer.de\/?author=1\" target=\"_self\">admin<\/a>\n\t\t\t\t\t\t  \t<\/span>\n\t\t\t\t\t\t\t\t\t\t\t\t\t<\/div>\n\t\t\t\t\t\t\t\t\t\t\t\t<div class=\"blog-content-excerpt\">\n\t\t\t\t\t\t\t\t\t\t\t\t\t\t\t<p class=\"blog-short-content\">Der n\u00e4chste Abschnitt: der Ausbau Zun\u00e4chst zum Mastenbau: Hermann Dannhus l\u00e4sst es sich nicht nehmen und pr\u00e4pariert den Mast, der...<\/p>\n\t\t\t\t\t\t\t\t<a href=\"https:\/\/s-kreuzer.de\/?blog_post=4-teil\" class=\"blog-more-link\"> Lesen Sie weiter<\/a>\n\t\t\t\t\t\t\t\t\t\t\t\t\t<\/div>\n\t\t\t\t\t\t\t\t\t\t\t<\/div>\n\t\t\t\t<\/div>\n\t\t\t<\/div>\n\t\t<\/div>\n\t\t\t\t<div id=\"post-1150\" class=\"blog type-blog blog-clearfix wpbaw-blog-class blog-col-1 has-date no-thumb\">\n\t\t\t<div class=\"blog-inner-wrap-view blog-clearfix\">\n\t\t\t\t\n\t\t\t\t<div class=\"blog-content\">\n\t\t\t\t\t\t\t\t\t\t\t\t<div class=\"date-post\">\n\t\t\t\t\t\t\t\t<h2><span>20<\/span><\/h2>\n\t\t\t\t\t\t\t\t<p>Juli 17<\/p>\n\t\t\t\t\t\t\t<\/div>\n\t\t\t\t\t\t \n\t\t\t\t\t<div class=\"post-content-text\">\n\t\t\t\t\t\t\t\t\t\t\t\t<div class=\"grid-1-date\">\n\t\t\t\t\t\t\t20. Juli 2017\t\t\t\t\t\t<\/div>\n\t\t\t\t\t\t\t\t\t\t\t\t<h3 class=\"blog-title\"><a href=\"https:\/\/s-kreuzer.de\/?blog_post=wilhelms-s-jkr-wie-geht-es-weiter\" rel=\"bookmark\">Wilhelm\u00b4s S-Jkr &#8211; Wie geht es weiter?<\/a><\/h3>\n\t\t\t\t\t\t\t\t\t\t\t\t<div class=\"blog-cat\">\n\t\t\t\t\t\t\t\t\t\t\t\t\t  \t<span class=\"grid-1-author\">von\t\t\t\t\t\t  \t\t<a href=\"https:\/\/s-kreuzer.de\/?author=1\" target=\"_self\">admin<\/a>\n\t\t\t\t\t\t  \t<\/span>\n\t\t\t\t\t\t\t\t\t\t\t\t\t<\/div>\n\t\t\t\t\t\t\t\t\t\t\t\t<div class=\"blog-content-excerpt\">\n\t\t\t\t\t\t\t\t\t\t\t\t\t\t\t<p class=\"blog-short-content\">Teil Auf der Werft &nbsp; 23.06.2017 Es zieht sich hin - ich muss einfach feststellen, dass ein Bootsbau seine Zeit...<\/p>\n\t\t\t\t\t\t\t\t<a href=\"https:\/\/s-kreuzer.de\/?blog_post=wilhelms-s-jkr-wie-geht-es-weiter\" class=\"blog-more-link\"> Lesen Sie weiter<\/a>\n\t\t\t\t\t\t\t\t\t\t\t\t\t<\/div>\n\t\t\t\t\t\t\t\t\t\t\t<\/div>\n\t\t\t\t<\/div>\n\t\t\t<\/div>\n\t\t<\/div>\n\t\t\t\t<div id=\"post-1065\" class=\"blog type-blog blog-clearfix wpbaw-blog-class blog-col-1 has-date no-thumb\">\n\t\t\t<div class=\"blog-inner-wrap-view blog-clearfix\">\n\t\t\t\t\n\t\t\t\t<div class=\"blog-content\">\n\t\t\t\t\t\t\t\t\t\t\t\t<div class=\"date-post\">\n\t\t\t\t\t\t\t\t<h2><span>4<\/span><\/h2>\n\t\t\t\t\t\t\t\t<p>Juni 17<\/p>\n\t\t\t\t\t\t\t<\/div>\n\t\t\t\t\t\t \n\t\t\t\t\t<div class=\"post-content-text\">\n\t\t\t\t\t\t\t\t\t\t\t\t<div class=\"grid-1-date\">\n\t\t\t\t\t\t\t4. Juni 2017\t\t\t\t\t\t<\/div>\n\t\t\t\t\t\t\t\t\t\t\t\t<h3 class=\"blog-title\"><a href=\"https:\/\/s-kreuzer.de\/?blog_post=aufregung-pur-ein-neuer-s-jolli-fuer-wilhelm\" rel=\"bookmark\">Aufregung pur &#8211; ein neuer S-Jolli f\u00fcr Wilhelm<\/a><\/h3>\n\t\t\t\t\t\t\t\t\t\t\t\t<div class=\"blog-cat\">\n\t\t\t\t\t\t\t\t\t\t\t\t\t  \t<span class=\"grid-1-author\">von\t\t\t\t\t\t  \t\t<a href=\"https:\/\/s-kreuzer.de\/?author=1\" target=\"_self\">admin<\/a>\n\t\t\t\t\t\t  \t<\/span>\n\t\t\t\t\t\t\t \/ <a href=\"https:\/\/s-kreuzer.de\/?blog-category=test\">\u00d6ffentlicher Blog<\/a>\t\t\t\t\t\t<\/div>\n\t\t\t\t\t\t\t\t\t\t\t\t<div class=\"blog-content-excerpt\">\n\t\t\t\t\t\t\t\t\t\t\t\t\t\t\t<p class=\"blog-short-content\">Vorwort Der 16m\u00b2 Jollenkreuzer ist ein wundervolles Segelboot, man kann damit Fahrten auf Gew\u00e4ssern unternehmen, die vielen anderen Seglern verschlossen...<\/p>\n\t\t\t\t\t\t\t\t<a href=\"https:\/\/s-kreuzer.de\/?blog_post=aufregung-pur-ein-neuer-s-jolli-fuer-wilhelm\" class=\"blog-more-link\"> Lesen Sie weiter<\/a>\n\t\t\t\t\t\t\t\t\t\t\t\t\t<\/div>\n\t\t\t\t\t\t\t\t\t\t\t<\/div>\n\t\t\t\t<\/div>\n\t\t\t<\/div>\n\t\t<\/div>\n\t\t\t\t<div id=\"post-1039\" class=\"blog type-blog blog-clearfix wpbaw-blog-class blog-col-1 has-date no-thumb\">\n\t\t\t<div class=\"blog-inner-wrap-view blog-clearfix\">\n\t\t\t\t\n\t\t\t\t<div class=\"blog-content\">\n\t\t\t\t\t\t\t\t\t\t\t\t<div class=\"date-post\">\n\t\t\t\t\t\t\t\t<h2><span>2<\/span><\/h2>\n\t\t\t\t\t\t\t\t<p>Mai 17<\/p>\n\t\t\t\t\t\t\t<\/div>\n\t\t\t\t\t\t \n\t\t\t\t\t<div class=\"post-content-text\">\n\t\t\t\t\t\t\t\t\t\t\t\t<div class=\"grid-1-date\">\n\t\t\t\t\t\t\t2. Mai 2017\t\t\t\t\t\t<\/div>\n\t\t\t\t\t\t\t\t\t\t\t\t<h3 class=\"blog-title\"><a href=\"https:\/\/s-kreuzer.de\/?blog_post=__trashed\" rel=\"bookmark\">Ein neuer 16er &#8211; wozu? Neubau einer OLGA vom Olgahafen<\/a><\/h3>\n\t\t\t\t\t\t\t\t\t\t\t\t<div class=\"blog-cat\">\n\t\t\t\t\t\t\t\t\t\t\t\t\t  \t<span class=\"grid-1-author\">von\t\t\t\t\t\t  \t\t<a href=\"https:\/\/s-kreuzer.de\/?author=4\" target=\"_self\">Wilhelm Beckmann<\/a>\n\t\t\t\t\t\t  \t<\/span>\n\t\t\t\t\t\t\t \/ <a href=\"https:\/\/s-kreuzer.de\/?blog-category=test\">\u00d6ffentlicher Blog<\/a>\t\t\t\t\t\t<\/div>\n\t\t\t\t\t\t\t\t\t\t\t\t<div class=\"blog-content-excerpt\">\n\t\t\t\t\t\t\t\t\t\t\t\t\t\t\t<p class=\"blog-short-content\">Neubau eines 16er Jollenkreuzers von Wilhelm Beckmann Vorwort Der 16m\u00b2 Jollenkreuzer ist ein wundervolles Segelboot, man kann damit Fahrten auf...<\/p>\n\t\t\t\t\t\t\t\t<a href=\"https:\/\/s-kreuzer.de\/?blog_post=__trashed\" class=\"blog-more-link\"> Lesen Sie weiter<\/a>\n\t\t\t\t\t\t\t\t\t\t\t\t\t<\/div>\n\t\t\t\t\t\t\t\t\t\t\t<\/div>\n\t\t\t\t<\/div>\n\t\t\t<\/div>\n\t\t<\/div>\n\t\t\t\t<div id=\"post-1021\" class=\"blog type-blog blog-clearfix wpbaw-blog-class blog-col-1 has-date has-thumb\">\n\t\t\t<div class=\"blog-inner-wrap-view blog-clearfix\">\n\t\t\t\t\t\t\t\t\t<div class=\"blog-thumb\">\n\t\t\t\t\t\t<div class=\"grid-blog-thumb\">\n\t\t\t\t\t\t\t<a href=\"https:\/\/s-kreuzer.de\/?blog_post=dies-ist-ein-sehr-kalter-april\"><img decoding=\"async\" class=\"wpbaw-blog-img\" src=\"https:\/\/i0.wp.com\/s-kreuzer.de\/wp-content\/uploads\/2016\/12\/5.jpg?fit=700%2C283&#038;ssl=1\" alt=\"Dies ist ein sehr kalter April!\"\/><\/a>\n\t\t\t\t\t\t<\/div>\n\t\t\t\t\t<\/div>\n\t\t\t\t\n\t\t\t\t<div class=\"blog-content\">\n\t\t\t\t\t\t\t\t\t\t\t\t<div class=\"date-post\">\n\t\t\t\t\t\t\t\t<h2><span>23<\/span><\/h2>\n\t\t\t\t\t\t\t\t<p>Apr. 17<\/p>\n\t\t\t\t\t\t\t<\/div>\n\t\t\t\t\t\t \n\t\t\t\t\t<div class=\"post-content-text\">\n\t\t\t\t\t\t\t\t\t\t\t\t<div class=\"grid-1-date\">\n\t\t\t\t\t\t\t23. April 2017\t\t\t\t\t\t<\/div>\n\t\t\t\t\t\t\t\t\t\t\t\t<h3 class=\"blog-title\"><a href=\"https:\/\/s-kreuzer.de\/?blog_post=dies-ist-ein-sehr-kalter-april\" rel=\"bookmark\">Dies ist ein sehr kalter April!<\/a><\/h3>\n\t\t\t\t\t\t\t\t\t\t\t\t<div class=\"blog-cat\">\n\t\t\t\t\t\t\t\t\t\t\t\t\t  \t<span class=\"grid-1-author\">von\t\t\t\t\t\t  \t\t<a href=\"https:\/\/s-kreuzer.de\/?author=1\" target=\"_self\">admin<\/a>\n\t\t\t\t\t\t  \t<\/span>\n\t\t\t\t\t\t\t\t\t\t\t\t\t<\/div>\n\t\t\t\t\t\t\t\t\t\t\t\t<div class=\"blog-content-excerpt\">\n\t\t\t\t\t\t\t\t\t\t\t\t\t\t\t<p class=\"blog-short-content\">Und bei diesem Wetter macht Segeln\u00a0wenig Spa\u00df! Das waren schon andere Temperaturen!!!<\/p>\n\t\t\t\t\t\t\t\t<a href=\"https:\/\/s-kreuzer.de\/?blog_post=dies-ist-ein-sehr-kalter-april\" class=\"blog-more-link\"> Lesen Sie weiter<\/a>\n\t\t\t\t\t\t\t\t\t\t\t\t\t<\/div>\n\t\t\t\t\t\t\t\t\t\t\t<\/div>\n\t\t\t\t<\/div>\n\t\t\t<\/div>\n\t\t<\/div>\n\t\t\t\t<div id=\"post-1004\" class=\"blog type-blog blog-clearfix wpbaw-blog-class blog-col-1 has-date no-thumb\">\n\t\t\t<div class=\"blog-inner-wrap-view blog-clearfix\">\n\t\t\t\t\n\t\t\t\t<div class=\"blog-content\">\n\t\t\t\t\t\t\t\t\t\t\t\t<div class=\"date-post\">\n\t\t\t\t\t\t\t\t<h2><span>20<\/span><\/h2>\n\t\t\t\t\t\t\t\t<p>Apr. 17<\/p>\n\t\t\t\t\t\t\t<\/div>\n\t\t\t\t\t\t \n\t\t\t\t\t<div class=\"post-content-text\">\n\t\t\t\t\t\t\t\t\t\t\t\t<div class=\"grid-1-date\">\n\t\t\t\t\t\t\t20. April 2017\t\t\t\t\t\t<\/div>\n\t\t\t\t\t\t\t\t\t\t\t\t<h3 class=\"blog-title\"><a href=\"https:\/\/s-kreuzer.de\/?blog_post=bootsprojekte\" rel=\"bookmark\">Bootsprojekte und mehr &#8230;.<\/a><\/h3>\n\t\t\t\t\t\t\t\t\t\t\t\t<div class=\"blog-cat\">\n\t\t\t\t\t\t\t\t\t\t\t\t\t  \t<span class=\"grid-1-author\">von\t\t\t\t\t\t  \t\t<a href=\"https:\/\/s-kreuzer.de\/?author=1\" target=\"_self\">admin<\/a>\n\t\t\t\t\t\t  \t<\/span>\n\t\t\t\t\t\t\t \/ <a href=\"https:\/\/s-kreuzer.de\/?blog-category=test\">\u00d6ffentlicher Blog<\/a>\t\t\t\t\t\t<\/div>\n\t\t\t\t\t\t\t\t\t\t\t\t<div class=\"blog-content-excerpt\">\n\t\t\t\t\t\t\t\t\t\t\t\t\t\t\t<p class=\"blog-short-content\">Mit diesm Blog m\u00f6chten wir f\u00fcr die Bootsbauer und Interessierte eine M\u00f6glichkeit schaffen, eigene Beitr\u00e4ge einzupflegen. Wer sich hier als...<\/p>\n\t\t\t\t\t\t\t\t<a href=\"https:\/\/s-kreuzer.de\/?blog_post=bootsprojekte\" class=\"blog-more-link\"> Lesen Sie weiter<\/a>\n\t\t\t\t\t\t\t\t\t\t\t\t\t<\/div>\n\t\t\t\t\t\t\t\t\t\t\t<\/div>\n\t\t\t\t<\/div>\n\t\t\t<\/div>\n\t\t<\/div>\n\t\t\t<\/div>\n\t\n\t\n","protected":false},"excerpt":{"rendered":"","protected":false},"author":1,"featured_media":0,"parent":15462,"menu_order":4,"comment_status":"closed","ping_status":"closed","template":"","meta":{"_coblocks_attr":"","_coblocks_dimensions":"","_coblocks_responsive_height":"","_coblocks_accordion_ie_support":"","footnotes":""},"class_list":["post-1005","page","type-page","status-publish","hentry"],"jetpack_sharing_enabled":true,"jetpack_shortlink":"https:\/\/wp.me\/P87SZm-gd","_links":{"self":[{"href":"https:\/\/s-kreuzer.de\/index.php?rest_route=\/wp\/v2\/pages\/1005","targetHints":{"allow":["GET"]}}],"collection":[{"href":"https:\/\/s-kreuzer.de\/index.php?rest_route=\/wp\/v2\/pages"}],"about":[{"href":"https:\/\/s-kreuzer.de\/index.php?rest_route=\/wp\/v2\/types\/page"}],"author":[{"embeddable":true,"href":"https:\/\/s-kreuzer.de\/index.php?rest_route=\/wp\/v2\/users\/1"}],"replies":[{"embeddable":true,"href":"https:\/\/s-kreuzer.de\/index.php?rest_route=%2Fwp%2Fv2%2Fcomments&post=1005"}],"version-history":[{"count":2,"href":"https:\/\/s-kreuzer.de\/index.php?rest_route=\/wp\/v2\/pages\/1005\/revisions"}],"predecessor-version":[{"id":1007,"href":"https:\/\/s-kreuzer.de\/index.php?rest_route=\/wp\/v2\/pages\/1005\/revisions\/1007"}],"up":[{"embeddable":true,"href":"https:\/\/s-kreuzer.de\/index.php?rest_route=\/wp\/v2\/pages\/15462"}],"wp:attachment":[{"href":"https:\/\/s-kreuzer.de\/index.php?rest_route=%2Fwp%2Fv2%2Fmedia&parent=1005"}],"curies":[{"name":"wp","href":"https:\/\/api.w.org\/{rel}","templated":true}]}}